{"id":2628,"date":"2024-08-13T15:07:46","date_gmt":"2024-08-13T18:07:46","guid":{"rendered":"https:\/\/facepevirtual.org.br\/facepe\/?page_id=2628"},"modified":"2026-03-13T10:46:22","modified_gmt":"2026-03-13T13:46:22","slug":"estrutura","status":"publish","type":"page","link":"https:\/\/facepevirtual.org.br\/facepe\/estrutura\/","title":{"rendered":"Estrutura"},"content":{"rendered":"\t\t<div data-elementor-type=\"wp-page\" data-elementor-id=\"2628\" class=\"elementor elementor-2628\" data-elementor-post-type=\"page\">\n\t\t\t\t<div class=\"elementor-element elementor-element-3a9185c e-flex e-con-boxed e-con e-parent\" data-id=\"3a9185c\" data-element_type=\"container\" data-settings=\"{&quot;background_background&quot;:&quot;gradient&quot;}\">\n\t\t\t\t\t<div class=\"e-con-inner\">\n\t\t<div class=\"elementor-element elementor-element-d8512d2 e-con-full e-flex e-con e-child\" data-id=\"d8512d2\" data-element_type=\"container\">\n\t\t\t\t<div class=\"elementor-element elementor-element-2130c18 elementor-widget elementor-widget-heading\" data-id=\"2130c18\" data-element_type=\"widget\" data-widget_type=\"heading.default\">\n\t\t\t\t\t<h2 class=\"elementor-heading-title elementor-size-default\">ESTRUTURA<\/h2>\t\t\t\t<\/div>\n\t\t\t\t<\/div>\n\t\t\t\t\t<\/div>\n\t\t\t\t<\/div>\n\t\t<div class=\"elementor-element elementor-element-96fce76 e-con-full e-flex e-con e-parent\" data-id=\"96fce76\" data-element_type=\"container\">\n\t\t\t\t<div class=\"elementor-element elementor-element-6b6f206 elementor-widget elementor-widget-heading\" data-id=\"6b6f206\" data-element_type=\"widget\" data-widget_type=\"heading.default\">\n\t\t\t\t\t<h2 class=\"elementor-heading-title elementor-size-default\">Desenho Organizacional<\/h2>\t\t\t\t<\/div>\n\t\t\t\t<\/div>\n\t\t<div class=\"elementor-element elementor-element-e5ffde6 e-con-full e-flex e-con e-parent\" data-id=\"e5ffde6\" data-element_type=\"container\">\n\t\t\t\t<div class=\"elementor-element elementor-element-589ddfa elementor-widget elementor-widget-image\" data-id=\"589ddfa\" data-element_type=\"widget\" data-widget_type=\"image.default\">\n\t\t\t\t\t\t\t\t\t\t\t\t\t\t\t<img fetchpriority=\"high\" decoding=\"async\" width=\"760\" height=\"230\" src=\"https:\/\/facepevirtual.org.br\/facepe\/wp-content\/uploads\/2024\/08\/organograma3.png\" class=\"attachment-large size-large wp-image-2631\" alt=\"\" srcset=\"https:\/\/facepevirtual.org.br\/facepe\/wp-content\/uploads\/2024\/08\/organograma3.png 760w, https:\/\/facepevirtual.org.br\/facepe\/wp-content\/uploads\/2024\/08\/organograma3-300x91.png 300w\" sizes=\"(max-width: 760px) 100vw, 760px\" \/>\t\t\t\t\t\t\t\t\t\t\t\t\t\t\t<\/div>\n\t\t\t\t<\/div>\n\t\t<div class=\"elementor-element elementor-element-d28e8e7 e-flex e-con-boxed e-con e-parent\" data-id=\"d28e8e7\" data-element_type=\"container\" data-settings=\"{&quot;background_background&quot;:&quot;classic&quot;}\">\n\t\t\t\t\t<div class=\"e-con-inner\">\n\t\t\t\t<div class=\"elementor-element elementor-element-839ca45 elementor-widget elementor-widget-heading\" data-id=\"839ca45\" data-element_type=\"widget\" data-widget_type=\"heading.default\">\n\t\t\t\t\t<h2 class=\"elementor-heading-title elementor-size-default\">Estrutura<\/h2>\t\t\t\t<\/div>\n\t\t\t\t<div class=\"elementor-element elementor-element-436d5c0 elementor-widget elementor-widget-n-accordion\" data-id=\"436d5c0\" data-element_type=\"widget\" data-settings=\"{&quot;default_state&quot;:&quot;all_collapsed&quot;,&quot;max_items_expended&quot;:&quot;one&quot;,&quot;n_accordion_animation_duration&quot;:{&quot;unit&quot;:&quot;ms&quot;,&quot;size&quot;:400,&quot;sizes&quot;:[]}}\" data-widget_type=\"nested-accordion.default\">\n\t\t\t\t\t\t\t<div class=\"e-n-accordion\" aria-label=\"Accordion. Open links with Enter or Space, close with Escape, and navigate with Arrow Keys\">\n\t\t\t\t\t\t<details id=\"e-n-accordion-item-7070\" class=\"e-n-accordion-item\" >\n\t\t\t\t<summary class=\"e-n-accordion-item-title\" data-accordion-index=\"1\" tabindex=\"0\" aria-expanded=\"false\" aria-controls=\"e-n-accordion-item-7070\" >\n\t\t\t\t\t<span class='e-n-accordion-item-title-header'><div class=\"e-n-accordion-item-title-text\"> CONSELHO CURADOR <\/div><\/span>\n\t\t\t\t\t\t\t<span class='e-n-accordion-item-title-icon'>\n\t\t\t<span class='e-opened' ><svg aria-hidden=\"true\" class=\"e-font-icon-svg e-fas-minus\" viewBox=\"0 0 448 512\" xmlns=\"http:\/\/www.w3.org\/2000\/svg\"><path d=\"M416 208H32c-17.67 0-32 14.33-32 32v32c0 17.67 14.33 32 32 32h384c17.67 0 32-14.33 32-32v-32c0-17.67-14.33-32-32-32z\"><\/path><\/svg><\/span>\n\t\t\t<span class='e-closed'><svg aria-hidden=\"true\" class=\"e-font-icon-svg e-fas-plus\" viewBox=\"0 0 448 512\" xmlns=\"http:\/\/www.w3.org\/2000\/svg\"><path d=\"M416 208H272V64c0-17.67-14.33-32-32-32h-32c-17.67 0-32 14.33-32 32v144H32c-17.67 0-32 14.33-32 32v32c0 17.67 14.33 32 32 32h144v144c0 17.67 14.33 32 32 32h32c17.67 0 32-14.33 32-32V304h144c17.67 0 32-14.33 32-32v-32c0-17.67-14.33-32-32-32z\"><\/path><\/svg><\/span>\n\t\t<\/span>\n\n\t\t\t\t\t\t<\/summary>\n\t\t\t\t<div role=\"region\" aria-labelledby=\"e-n-accordion-item-7070\" class=\"elementor-element elementor-element-7aba51f e-con-full e-flex e-con e-child\" data-id=\"7aba51f\" data-element_type=\"container\">\n\t\t<div role=\"region\" aria-labelledby=\"e-n-accordion-item-7070\" class=\"elementor-element elementor-element-00938e7 e-flex e-con-boxed e-con e-child\" data-id=\"00938e7\" data-element_type=\"container\">\n\t\t\t\t\t<div class=\"e-con-inner\">\n\t\t\t\t<div class=\"elementor-element elementor-element-3b08468 elementor-widget elementor-widget-text-editor\" data-id=\"3b08468\" data-element_type=\"widget\" data-widget_type=\"text-editor.default\">\n\t\t\t\t\t\t\t\t\t<ul><li><strong>Prof\u00aa. Simone Botelho Pereira<\/strong> &#8211; Docente<\/li><li><strong>Prof. Thiago Antonio de Oliveira S\u00e1<\/strong> &#8211; Docente<\/li><li><strong>Prof\u00aa. Carla Leila Oliveira Campos<\/strong> &#8211; Docente<\/li><li><strong>Prof. Paulo Roberto Rodrigues de Souza<\/strong> &#8211; Docente<\/li><li><strong>Prof\u00aa. Maurielen Guterres Dalcin<\/strong> &#8211; Docente<\/li><li><strong>Prof. Clibson Alves dos Santos<\/strong> &#8211; Docente<\/li><li><strong>J\u00falio C\u00e9sar Barbosa<\/strong> &#8211; T\u00e9cnico-Administrativos em Educa\u00e7\u00e3o<\/li><li><strong>Pablo Matheus de Oliveira Almeida<\/strong> &#8211; Discente<\/li><li><strong>Marlus Pinheiro Rolemberg<\/strong> &#8211; Presidente da FACEPE<\/li><\/ul>\t\t\t\t\t\t\t\t<\/div>\n\t\t\t\t\t<\/div>\n\t\t\t\t<\/div>\n\t\t\t\t<\/div>\n\t\t\t\t\t<\/details>\n\t\t\t\t\t\t<details id=\"e-n-accordion-item-7071\" class=\"e-n-accordion-item\" >\n\t\t\t\t<summary class=\"e-n-accordion-item-title\" data-accordion-index=\"2\" tabindex=\"-1\" aria-expanded=\"false\" aria-controls=\"e-n-accordion-item-7071\" >\n\t\t\t\t\t<span class='e-n-accordion-item-title-header'><div class=\"e-n-accordion-item-title-text\"> CONSELHO ADMINISTRATIVO <\/div><\/span>\n\t\t\t\t\t\t\t<span class='e-n-accordion-item-title-icon'>\n\t\t\t<span class='e-opened' ><svg aria-hidden=\"true\" class=\"e-font-icon-svg e-fas-minus\" viewBox=\"0 0 448 512\" xmlns=\"http:\/\/www.w3.org\/2000\/svg\"><path d=\"M416 208H32c-17.67 0-32 14.33-32 32v32c0 17.67 14.33 32 32 32h384c17.67 0 32-14.33 32-32v-32c0-17.67-14.33-32-32-32z\"><\/path><\/svg><\/span>\n\t\t\t<span class='e-closed'><svg aria-hidden=\"true\" class=\"e-font-icon-svg e-fas-plus\" viewBox=\"0 0 448 512\" xmlns=\"http:\/\/www.w3.org\/2000\/svg\"><path d=\"M416 208H272V64c0-17.67-14.33-32-32-32h-32c-17.67 0-32 14.33-32 32v144H32c-17.67 0-32 14.33-32 32v32c0 17.67 14.33 32 32 32h144v144c0 17.67 14.33 32 32 32h32c17.67 0 32-14.33 32-32V304h144c17.67 0 32-14.33 32-32v-32c0-17.67-14.33-32-32-32z\"><\/path><\/svg><\/span>\n\t\t<\/span>\n\n\t\t\t\t\t\t<\/summary>\n\t\t\t\t<div role=\"region\" aria-labelledby=\"e-n-accordion-item-7071\" class=\"elementor-element elementor-element-02bd2a7 e-con-full e-flex e-con e-child\" data-id=\"02bd2a7\" data-element_type=\"container\">\n\t\t<div role=\"region\" aria-labelledby=\"e-n-accordion-item-7071\" class=\"elementor-element elementor-element-63e8c4b e-flex e-con-boxed e-con e-child\" data-id=\"63e8c4b\" data-element_type=\"container\">\n\t\t\t\t\t<div class=\"e-con-inner\">\n\t\t\t\t<div class=\"elementor-element elementor-element-639ad00 elementor-widget elementor-widget-text-editor\" data-id=\"639ad00\" data-element_type=\"widget\" data-widget_type=\"text-editor.default\">\n\t\t\t\t\t\t\t\t\t<ul><li><strong>Sandro Amadeu Cerveira<\/strong> &#8211; Reitor da UNIFAL-MG<\/li><li><strong>Alessandro Ant\u00f4nio Costa Pereira<\/strong> &#8211; Vice-Reitor da UNIFAL-MG<\/li><li><strong>Mayk Vieira Coelho<\/strong> &#8211; Pr\u00f3-Reitor Administra\u00e7\u00e3o e Finan\u00e7as (Proaf)<\/li><li><strong>Wellington Ferreira Lima<\/strong> &#8211; Pr\u00f3-Reitor Assuntos Comunit\u00e1rios e Estudantes (Prace)<\/li><li><strong>Juliana Guedes Martins<\/strong> &#8211; Pr\u00f3-Reitora Gest\u00e3o de Pessoas (Progepe)<\/li><li><strong>Eliane Garcia Resende<\/strong> &#8211; Coordenadoria de Gradua\u00e7\u00e3o do Curso de Nutri\u00e7\u00e3o<\/li><li><strong>Jos\u00e9 Francisco Lopes Xar\u00e3o<\/strong> &#8211; Pr\u00f3-Reitor de Extens\u00e3o e Cultura (PROEC)<\/li><li><strong>Vanessa Bergamin Boralli Marques<\/strong> &#8211; Pr\u00f3-Reitora Pesquisa e P\u00f3s-Gradua\u00e7\u00e3o (PRPPG)<\/li><li><strong>Lucas Cezar Mendon\u00e7a<\/strong> &#8211; Pr\u00f3-Reitor Planejamento Institucional (Proplan)<\/li><li><strong>Marlus Pinheiro Rolemberg<\/strong> &#8211; Presidente da FACEPE<\/li><\/ul>\t\t\t\t\t\t\t\t<\/div>\n\t\t\t\t\t<\/div>\n\t\t\t\t<\/div>\n\t\t\t\t<\/div>\n\t\t\t\t\t<\/details>\n\t\t\t\t\t\t<details id=\"e-n-accordion-item-7072\" class=\"e-n-accordion-item\" >\n\t\t\t\t<summary class=\"e-n-accordion-item-title\" data-accordion-index=\"3\" tabindex=\"-1\" aria-expanded=\"false\" aria-controls=\"e-n-accordion-item-7072\" >\n\t\t\t\t\t<span class='e-n-accordion-item-title-header'><div class=\"e-n-accordion-item-title-text\"> CONSELHO FISCAL <\/div><\/span>\n\t\t\t\t\t\t\t<span class='e-n-accordion-item-title-icon'>\n\t\t\t<span class='e-opened' ><svg aria-hidden=\"true\" class=\"e-font-icon-svg e-fas-minus\" viewBox=\"0 0 448 512\" xmlns=\"http:\/\/www.w3.org\/2000\/svg\"><path d=\"M416 208H32c-17.67 0-32 14.33-32 32v32c0 17.67 14.33 32 32 32h384c17.67 0 32-14.33 32-32v-32c0-17.67-14.33-32-32-32z\"><\/path><\/svg><\/span>\n\t\t\t<span class='e-closed'><svg aria-hidden=\"true\" class=\"e-font-icon-svg e-fas-plus\" viewBox=\"0 0 448 512\" xmlns=\"http:\/\/www.w3.org\/2000\/svg\"><path d=\"M416 208H272V64c0-17.67-14.33-32-32-32h-32c-17.67 0-32 14.33-32 32v144H32c-17.67 0-32 14.33-32 32v32c0 17.67 14.33 32 32 32h144v144c0 17.67 14.33 32 32 32h32c17.67 0 32-14.33 32-32V304h144c17.67 0 32-14.33 32-32v-32c0-17.67-14.33-32-32-32z\"><\/path><\/svg><\/span>\n\t\t<\/span>\n\n\t\t\t\t\t\t<\/summary>\n\t\t\t\t<div role=\"region\" aria-labelledby=\"e-n-accordion-item-7072\" class=\"elementor-element elementor-element-2691904 e-con-full e-flex e-con e-child\" data-id=\"2691904\" data-element_type=\"container\">\n\t\t<div role=\"region\" aria-labelledby=\"e-n-accordion-item-7072\" class=\"elementor-element elementor-element-fc4aeb7 e-flex e-con-boxed e-con e-child\" data-id=\"fc4aeb7\" data-element_type=\"container\">\n\t\t\t\t\t<div class=\"e-con-inner\">\n\t\t\t\t<div class=\"elementor-element elementor-element-554fdd1 elementor-widget elementor-widget-text-editor\" data-id=\"554fdd1\" data-element_type=\"widget\" data-widget_type=\"text-editor.default\">\n\t\t\t\t\t\t\t\t\t<ul><li><strong>Leandro Lima Resende<\/strong> &#8211; Docente<\/li><li><strong>Mar\u00e7al Serafim C\u00e2ndido<\/strong> &#8211; Docente<\/li><li><strong>Claudio Roberto Car\u00edssimo<\/strong> &#8211; Docente<\/li><\/ul><h4 class=\"blog-post-title\" style=\"text-align: left;\" align=\"center\"><span class=\"featurette-heading\">Membros Suplentes do Conselho Fiscal<\/span><\/h4><ul><li><strong>M\u00e1rcio de Oliveira Pereira<\/strong> &#8211; Docente<\/li><li><strong>C\u00e1ssia Carneiro Avelino<\/strong> &#8211; Docente<\/li><li><strong>Edm\u00ear Silvestre Pereira J\u00fanior<\/strong> &#8211; Docente<\/li><\/ul>\t\t\t\t\t\t\t\t<\/div>\n\t\t\t\t\t<\/div>\n\t\t\t\t<\/div>\n\t\t\t\t<\/div>\n\t\t\t\t\t<\/details>\n\t\t\t\t\t\t<details id=\"e-n-accordion-item-7073\" class=\"e-n-accordion-item\" >\n\t\t\t\t<summary class=\"e-n-accordion-item-title\" data-accordion-index=\"4\" tabindex=\"-1\" aria-expanded=\"false\" aria-controls=\"e-n-accordion-item-7073\" >\n\t\t\t\t\t<span class='e-n-accordion-item-title-header'><div class=\"e-n-accordion-item-title-text\"> PRESID\u00caNCIA <\/div><\/span>\n\t\t\t\t\t\t\t<span class='e-n-accordion-item-title-icon'>\n\t\t\t<span class='e-opened' ><svg aria-hidden=\"true\" class=\"e-font-icon-svg e-fas-minus\" viewBox=\"0 0 448 512\" xmlns=\"http:\/\/www.w3.org\/2000\/svg\"><path d=\"M416 208H32c-17.67 0-32 14.33-32 32v32c0 17.67 14.33 32 32 32h384c17.67 0 32-14.33 32-32v-32c0-17.67-14.33-32-32-32z\"><\/path><\/svg><\/span>\n\t\t\t<span class='e-closed'><svg aria-hidden=\"true\" class=\"e-font-icon-svg e-fas-plus\" viewBox=\"0 0 448 512\" xmlns=\"http:\/\/www.w3.org\/2000\/svg\"><path d=\"M416 208H272V64c0-17.67-14.33-32-32-32h-32c-17.67 0-32 14.33-32 32v144H32c-17.67 0-32 14.33-32 32v32c0 17.67 14.33 32 32 32h144v144c0 17.67 14.33 32 32 32h32c17.67 0 32-14.33 32-32V304h144c17.67 0 32-14.33 32-32v-32c0-17.67-14.33-32-32-32z\"><\/path><\/svg><\/span>\n\t\t<\/span>\n\n\t\t\t\t\t\t<\/summary>\n\t\t\t\t<div role=\"region\" aria-labelledby=\"e-n-accordion-item-7073\" class=\"elementor-element elementor-element-09d0e3a e-con-full e-flex e-con e-child\" data-id=\"09d0e3a\" data-element_type=\"container\">\n\t\t<div role=\"region\" aria-labelledby=\"e-n-accordion-item-7073\" class=\"elementor-element elementor-element-8052fce e-flex e-con-boxed e-con e-child\" data-id=\"8052fce\" data-element_type=\"container\">\n\t\t\t\t\t<div class=\"e-con-inner\">\n\t\t\t\t<div class=\"elementor-element elementor-element-5202dfb elementor-widget elementor-widget-text-editor\" data-id=\"5202dfb\" data-element_type=\"widget\" data-widget_type=\"text-editor.default\">\n\t\t\t\t\t\t\t\t\t<ul><li>Marlus Pinheiro Rolemberg &#8211; Presidente da FACEPE<\/li><\/ul>\t\t\t\t\t\t\t\t<\/div>\n\t\t\t\t\t<\/div>\n\t\t\t\t<\/div>\n\t\t\t\t<\/div>\n\t\t\t\t\t<\/details>\n\t\t\t\t\t\t<details id=\"e-n-accordion-item-7074\" class=\"e-n-accordion-item\" >\n\t\t\t\t<summary class=\"e-n-accordion-item-title\" data-accordion-index=\"5\" tabindex=\"-1\" aria-expanded=\"false\" aria-controls=\"e-n-accordion-item-7074\" >\n\t\t\t\t\t<span class='e-n-accordion-item-title-header'><div class=\"e-n-accordion-item-title-text\"> VICE-PRESID\u00caNCIA <\/div><\/span>\n\t\t\t\t\t\t\t<span class='e-n-accordion-item-title-icon'>\n\t\t\t<span class='e-opened' ><svg aria-hidden=\"true\" class=\"e-font-icon-svg e-fas-minus\" viewBox=\"0 0 448 512\" xmlns=\"http:\/\/www.w3.org\/2000\/svg\"><path d=\"M416 208H32c-17.67 0-32 14.33-32 32v32c0 17.67 14.33 32 32 32h384c17.67 0 32-14.33 32-32v-32c0-17.67-14.33-32-32-32z\"><\/path><\/svg><\/span>\n\t\t\t<span class='e-closed'><svg aria-hidden=\"true\" class=\"e-font-icon-svg e-fas-plus\" viewBox=\"0 0 448 512\" xmlns=\"http:\/\/www.w3.org\/2000\/svg\"><path d=\"M416 208H272V64c0-17.67-14.33-32-32-32h-32c-17.67 0-32 14.33-32 32v144H32c-17.67 0-32 14.33-32 32v32c0 17.67 14.33 32 32 32h144v144c0 17.67 14.33 32 32 32h32c17.67 0 32-14.33 32-32V304h144c17.67 0 32-14.33 32-32v-32c0-17.67-14.33-32-32-32z\"><\/path><\/svg><\/span>\n\t\t<\/span>\n\n\t\t\t\t\t\t<\/summary>\n\t\t\t\t<div role=\"region\" aria-labelledby=\"e-n-accordion-item-7074\" class=\"elementor-element elementor-element-65d0e4c e-con-full e-flex e-con e-child\" data-id=\"65d0e4c\" data-element_type=\"container\">\n\t\t<div role=\"region\" aria-labelledby=\"e-n-accordion-item-7074\" class=\"elementor-element elementor-element-8a45249 e-flex e-con-boxed e-con e-child\" data-id=\"8a45249\" data-element_type=\"container\">\n\t\t\t\t\t<div class=\"e-con-inner\">\n\t\t\t\t\t<\/div>\n\t\t\t\t<\/div>\n\t\t\t\t<\/div>\n\t\t\t\t\t<\/details>\n\t\t\t\t\t\t<details id=\"e-n-accordion-item-7075\" class=\"e-n-accordion-item\" >\n\t\t\t\t<summary class=\"e-n-accordion-item-title\" data-accordion-index=\"6\" tabindex=\"-1\" aria-expanded=\"false\" aria-controls=\"e-n-accordion-item-7075\" >\n\t\t\t\t\t<span class='e-n-accordion-item-title-header'><div class=\"e-n-accordion-item-title-text\"> SUPERINTENDENTE <\/div><\/span>\n\t\t\t\t\t\t\t<span class='e-n-accordion-item-title-icon'>\n\t\t\t<span class='e-opened' ><svg aria-hidden=\"true\" class=\"e-font-icon-svg e-fas-minus\" viewBox=\"0 0 448 512\" xmlns=\"http:\/\/www.w3.org\/2000\/svg\"><path d=\"M416 208H32c-17.67 0-32 14.33-32 32v32c0 17.67 14.33 32 32 32h384c17.67 0 32-14.33 32-32v-32c0-17.67-14.33-32-32-32z\"><\/path><\/svg><\/span>\n\t\t\t<span class='e-closed'><svg aria-hidden=\"true\" class=\"e-font-icon-svg e-fas-plus\" viewBox=\"0 0 448 512\" xmlns=\"http:\/\/www.w3.org\/2000\/svg\"><path d=\"M416 208H272V64c0-17.67-14.33-32-32-32h-32c-17.67 0-32 14.33-32 32v144H32c-17.67 0-32 14.33-32 32v32c0 17.67 14.33 32 32 32h144v144c0 17.67 14.33 32 32 32h32c17.67 0 32-14.33 32-32V304h144c17.67 0 32-14.33 32-32v-32c0-17.67-14.33-32-32-32z\"><\/path><\/svg><\/span>\n\t\t<\/span>\n\n\t\t\t\t\t\t<\/summary>\n\t\t\t\t<div role=\"region\" aria-labelledby=\"e-n-accordion-item-7075\" class=\"elementor-element elementor-element-9f7ded4 e-con-full e-flex e-con e-child\" data-id=\"9f7ded4\" data-element_type=\"container\">\n\t\t<div role=\"region\" aria-labelledby=\"e-n-accordion-item-7075\" class=\"elementor-element elementor-element-4ffddce e-flex e-con-boxed e-con e-child\" data-id=\"4ffddce\" data-element_type=\"container\">\n\t\t\t\t\t<div class=\"e-con-inner\">\n\t\t\t\t\t<\/div>\n\t\t\t\t<\/div>\n\t\t\t\t<\/div>\n\t\t\t\t\t<\/details>\n\t\t\t\t\t<\/div>\n\t\t\t\t\t\t<\/div>\n\t\t\t\t\t<\/div>\n\t\t\t\t<\/div>\n\t\t\t\t<\/div>\n\t\t","protected":false},"excerpt":{"rendered":"<p>ESTRUTURA Desenho Organizacional Estrutura CONSELHO CURADOR Prof\u00aa. Simone Botelho Pereira &#8211; Docente Prof. Thiago Antonio de Oliveira S\u00e1 &#8211; Docente Prof\u00aa. Carla Leila Oliveira Campos &#8211; Docente Prof. Paulo Roberto Rodrigues de Souza &#8211; Docente Prof\u00aa. Maurielen Guterres Dalcin &#8211; Docente Prof. Clibson Alves dos Santos &#8211; Docente J\u00falio C\u00e9sar Barbosa &#8211; T\u00e9cnico-Administrativos em Educa\u00e7\u00e3o [&hellip;]<\/p>\n","protected":false},"author":1,"featured_media":0,"parent":0,"menu_order":0,"comment_status":"closed","ping_status":"closed","template":"elementor_header_footer","meta":{"_acf_changed":false,"footnotes":""},"class_list":["post-2628","page","type-page","status-publish","hentry"],"acf":[],"_links":{"self":[{"href":"https:\/\/facepevirtual.org.br\/facepe\/wp-json\/wp\/v2\/pages\/2628","targetHints":{"allow":["GET"]}}],"collection":[{"href":"https:\/\/facepevirtual.org.br\/facepe\/wp-json\/wp\/v2\/pages"}],"about":[{"href":"https:\/\/facepevirtual.org.br\/facepe\/wp-json\/wp\/v2\/types\/page"}],"author":[{"embeddable":true,"href":"https:\/\/facepevirtual.org.br\/facepe\/wp-json\/wp\/v2\/users\/1"}],"replies":[{"embeddable":true,"href":"https:\/\/facepevirtual.org.br\/facepe\/wp-json\/wp\/v2\/comments?post=2628"}],"version-history":[{"count":9,"href":"https:\/\/facepevirtual.org.br\/facepe\/wp-json\/wp\/v2\/pages\/2628\/revisions"}],"predecessor-version":[{"id":9258,"href":"https:\/\/facepevirtual.org.br\/facepe\/wp-json\/wp\/v2\/pages\/2628\/revisions\/9258"}],"wp:attachment":[{"href":"https:\/\/facepevirtual.org.br\/facepe\/wp-json\/wp\/v2\/media?parent=2628"}],"curies":[{"name":"wp","href":"https:\/\/api.w.org\/{rel}","templated":true}]}}