{"id":2650,"date":"2024-08-13T15:53:11","date_gmt":"2024-08-13T18:53:11","guid":{"rendered":"https:\/\/facepevirtual.org.br\/facepe\/?page_id=2650"},"modified":"2025-08-21T10:38:24","modified_gmt":"2025-08-21T13:38:24","slug":"conselhos","status":"publish","type":"page","link":"https:\/\/facepevirtual.org.br\/facepe\/conselhos\/","title":{"rendered":"Conselhos"},"content":{"rendered":"\t\t<div data-elementor-type=\"wp-page\" data-elementor-id=\"2650\" class=\"elementor elementor-2650\" data-elementor-post-type=\"page\">\n\t\t\t\t<div class=\"elementor-element elementor-element-af1d553 e-flex e-con-boxed e-con e-parent\" data-id=\"af1d553\" data-element_type=\"container\" data-settings=\"{&quot;background_background&quot;:&quot;gradient&quot;}\">\n\t\t\t\t\t<div class=\"e-con-inner\">\n\t\t<div class=\"elementor-element elementor-element-cd1f529 e-con-full e-flex e-con e-child\" data-id=\"cd1f529\" data-element_type=\"container\">\n\t\t\t\t<div class=\"elementor-element elementor-element-b73855a elementor-widget elementor-widget-heading\" data-id=\"b73855a\" data-element_type=\"widget\" data-widget_type=\"heading.default\">\n\t\t\t\t\t<h2 class=\"elementor-heading-title elementor-size-default\">CONSELHOS<\/h2>\t\t\t\t<\/div>\n\t\t\t\t<\/div>\n\t\t\t\t\t<\/div>\n\t\t\t\t<\/div>\n\t\t<div class=\"elementor-element elementor-element-3fcb2cc e-flex e-con-boxed e-con e-parent\" data-id=\"3fcb2cc\" data-element_type=\"container\" data-settings=\"{&quot;background_background&quot;:&quot;classic&quot;}\">\n\t\t\t\t\t<div class=\"e-con-inner\">\n\t\t\t\t<div class=\"elementor-element elementor-element-96ac044 elementor-widget elementor-widget-heading\" data-id=\"96ac044\" data-element_type=\"widget\" data-widget_type=\"heading.default\">\n\t\t\t\t\t<h2 class=\"elementor-heading-title elementor-size-default\">Conselhos<\/h2>\t\t\t\t<\/div>\n\t\t\t\t<div class=\"elementor-element elementor-element-558f674 elementor-widget elementor-widget-n-accordion\" data-id=\"558f674\" data-element_type=\"widget\" data-settings=\"{&quot;default_state&quot;:&quot;all_collapsed&quot;,&quot;max_items_expended&quot;:&quot;one&quot;,&quot;n_accordion_animation_duration&quot;:{&quot;unit&quot;:&quot;ms&quot;,&quot;size&quot;:400,&quot;sizes&quot;:[]}}\" data-widget_type=\"nested-accordion.default\">\n\t\t\t\t\t\t\t<div class=\"e-n-accordion\" aria-label=\"Accordion. Open links with Enter or Space, close with Escape, and navigate with Arrow Keys\">\n\t\t\t\t\t\t<details id=\"e-n-accordion-item-8970\" class=\"e-n-accordion-item\" >\n\t\t\t\t<summary class=\"e-n-accordion-item-title\" data-accordion-index=\"1\" tabindex=\"0\" aria-expanded=\"false\" aria-controls=\"e-n-accordion-item-8970\" >\n\t\t\t\t\t<span class='e-n-accordion-item-title-header'><div class=\"e-n-accordion-item-title-text\"> CONSELHO CURADOR <\/div><\/span>\n\t\t\t\t\t\t\t<span class='e-n-accordion-item-title-icon'>\n\t\t\t<span class='e-opened' ><svg aria-hidden=\"true\" class=\"e-font-icon-svg e-fas-minus\" viewBox=\"0 0 448 512\" xmlns=\"http:\/\/www.w3.org\/2000\/svg\"><path d=\"M416 208H32c-17.67 0-32 14.33-32 32v32c0 17.67 14.33 32 32 32h384c17.67 0 32-14.33 32-32v-32c0-17.67-14.33-32-32-32z\"><\/path><\/svg><\/span>\n\t\t\t<span class='e-closed'><svg aria-hidden=\"true\" class=\"e-font-icon-svg e-fas-plus\" viewBox=\"0 0 448 512\" xmlns=\"http:\/\/www.w3.org\/2000\/svg\"><path d=\"M416 208H272V64c0-17.67-14.33-32-32-32h-32c-17.67 0-32 14.33-32 32v144H32c-17.67 0-32 14.33-32 32v32c0 17.67 14.33 32 32 32h144v144c0 17.67 14.33 32 32 32h32c17.67 0 32-14.33 32-32V304h144c17.67 0 32-14.33 32-32v-32c0-17.67-14.33-32-32-32z\"><\/path><\/svg><\/span>\n\t\t<\/span>\n\n\t\t\t\t\t\t<\/summary>\n\t\t\t\t<div role=\"region\" aria-labelledby=\"e-n-accordion-item-8970\" class=\"elementor-element elementor-element-ef96ebd e-con-full e-flex e-con e-child\" data-id=\"ef96ebd\" data-element_type=\"container\">\n\t\t<div role=\"region\" aria-labelledby=\"e-n-accordion-item-8970\" class=\"elementor-element elementor-element-27febc7 e-flex e-con-boxed e-con e-child\" data-id=\"27febc7\" data-element_type=\"container\">\n\t\t\t\t\t<div class=\"e-con-inner\">\n\t\t\t\t<div class=\"elementor-element elementor-element-19915d2 elementor-widget elementor-widget-text-editor\" data-id=\"19915d2\" data-element_type=\"widget\" data-widget_type=\"text-editor.default\">\n\t\t\t\t\t\t\t\t\t<ul><li><strong>Prof\u00aa. Simone Botelho Pereira<\/strong> &#8211; Docente<\/li><li><strong>Prof. Thiago Antonio de Oliveira S\u00e1<\/strong> &#8211; Docente<\/li><li><strong>Prof\u00aa. Carla Leila Oliveira Campos<\/strong> &#8211; Docente<\/li><li><strong>Prof. Paulo Roberto Rodrigues de Souza<\/strong> &#8211; Docente<\/li><li><strong>Prof\u00aa. Maurielen Guterres Dalcin<\/strong> &#8211; Docente<\/li><li><strong>Prof. Clibson Alves dos Santos<\/strong> &#8211; Docente<\/li><li><strong>J\u00falio C\u00e9sar Barbosa<\/strong> &#8211; T\u00e9cnico-Administrativos em Educa\u00e7\u00e3o<\/li><li><strong>Pablo Matheus de Oliveira Almeida<\/strong> &#8211; Discente<\/li><li><strong>Eduardo Tardiole<\/strong> &#8211; Presidente da FACEPE<\/li><\/ul>\t\t\t\t\t\t\t\t<\/div>\n\t\t\t\t\t<\/div>\n\t\t\t\t<\/div>\n\t\t\t\t<\/div>\n\t\t\t\t\t<\/details>\n\t\t\t\t\t\t<details id=\"e-n-accordion-item-8971\" class=\"e-n-accordion-item\" >\n\t\t\t\t<summary class=\"e-n-accordion-item-title\" data-accordion-index=\"2\" tabindex=\"-1\" aria-expanded=\"false\" aria-controls=\"e-n-accordion-item-8971\" >\n\t\t\t\t\t<span class='e-n-accordion-item-title-header'><div class=\"e-n-accordion-item-title-text\"> CONSELHO ADMINISTRATIVO <\/div><\/span>\n\t\t\t\t\t\t\t<span class='e-n-accordion-item-title-icon'>\n\t\t\t<span class='e-opened' ><svg aria-hidden=\"true\" class=\"e-font-icon-svg e-fas-minus\" viewBox=\"0 0 448 512\" xmlns=\"http:\/\/www.w3.org\/2000\/svg\"><path d=\"M416 208H32c-17.67 0-32 14.33-32 32v32c0 17.67 14.33 32 32 32h384c17.67 0 32-14.33 32-32v-32c0-17.67-14.33-32-32-32z\"><\/path><\/svg><\/span>\n\t\t\t<span class='e-closed'><svg aria-hidden=\"true\" class=\"e-font-icon-svg e-fas-plus\" viewBox=\"0 0 448 512\" xmlns=\"http:\/\/www.w3.org\/2000\/svg\"><path d=\"M416 208H272V64c0-17.67-14.33-32-32-32h-32c-17.67 0-32 14.33-32 32v144H32c-17.67 0-32 14.33-32 32v32c0 17.67 14.33 32 32 32h144v144c0 17.67 14.33 32 32 32h32c17.67 0 32-14.33 32-32V304h144c17.67 0 32-14.33 32-32v-32c0-17.67-14.33-32-32-32z\"><\/path><\/svg><\/span>\n\t\t<\/span>\n\n\t\t\t\t\t\t<\/summary>\n\t\t\t\t<div role=\"region\" aria-labelledby=\"e-n-accordion-item-8971\" class=\"elementor-element elementor-element-bf33a20 e-con-full e-flex e-con e-child\" data-id=\"bf33a20\" data-element_type=\"container\">\n\t\t<div role=\"region\" aria-labelledby=\"e-n-accordion-item-8971\" class=\"elementor-element elementor-element-9daea34 e-flex e-con-boxed e-con e-child\" data-id=\"9daea34\" data-element_type=\"container\">\n\t\t\t\t\t<div class=\"e-con-inner\">\n\t\t\t\t<div class=\"elementor-element elementor-element-86923b5 elementor-widget elementor-widget-text-editor\" data-id=\"86923b5\" data-element_type=\"widget\" data-widget_type=\"text-editor.default\">\n\t\t\t\t\t\t\t\t\t<ul><li><strong>Sandro Amadeu Cerveira<\/strong> &#8211; Reitor da UNIFAL-MG<\/li><li><strong>Alessandro Ant\u00f4nio Costa Pereira<\/strong> &#8211; Vice-Reitor da UNIFAL-MG<\/li><li><strong>Mayk Vieira Coelho<\/strong> &#8211; Pr\u00f3-Reitor Administra\u00e7\u00e3o e Finan\u00e7as (Proaf)<\/li><li><strong>Wellington Ferreira Lima<\/strong> &#8211; Pr\u00f3-Reitor Assuntos Comunit\u00e1rios e Estudantes (Prace)<\/li><li><strong>Juliana Guedes Martins<\/strong> &#8211; Pr\u00f3-Reitora Gest\u00e3o de Pessoas (Progepe)<\/li><li><strong>Eliane Garcia Resende<\/strong> &#8211; Coordenadoria de Gradua\u00e7\u00e3o do Curso de Nutri\u00e7\u00e3o<\/li><li><strong>Jos\u00e9 Francisco Lopes Xar\u00e3o<\/strong> &#8211; Pr\u00f3-Reitor de Extens\u00e3o e Cultura (PROEC)<\/li><li><strong>Vanessa Bergamin Boralli Marques<\/strong> &#8211; Pr\u00f3-Reitora Pesquisa e P\u00f3s-Gradua\u00e7\u00e3o (PRPPG)<\/li><li><strong>Lucas Cezar Mendon\u00e7a<\/strong> &#8211; Pr\u00f3-Reitor Planejamento Institucional (Proplan)<\/li><li><strong>Eduardo Tardiole<\/strong> &#8211; Presidente da FACEPE<\/li><\/ul>\t\t\t\t\t\t\t\t<\/div>\n\t\t\t\t\t<\/div>\n\t\t\t\t<\/div>\n\t\t\t\t<\/div>\n\t\t\t\t\t<\/details>\n\t\t\t\t\t\t<details id=\"e-n-accordion-item-8972\" class=\"e-n-accordion-item\" >\n\t\t\t\t<summary class=\"e-n-accordion-item-title\" data-accordion-index=\"3\" tabindex=\"-1\" aria-expanded=\"false\" aria-controls=\"e-n-accordion-item-8972\" >\n\t\t\t\t\t<span class='e-n-accordion-item-title-header'><div class=\"e-n-accordion-item-title-text\"> CONSELHO FISCAL <\/div><\/span>\n\t\t\t\t\t\t\t<span class='e-n-accordion-item-title-icon'>\n\t\t\t<span class='e-opened' ><svg aria-hidden=\"true\" class=\"e-font-icon-svg e-fas-minus\" viewBox=\"0 0 448 512\" xmlns=\"http:\/\/www.w3.org\/2000\/svg\"><path d=\"M416 208H32c-17.67 0-32 14.33-32 32v32c0 17.67 14.33 32 32 32h384c17.67 0 32-14.33 32-32v-32c0-17.67-14.33-32-32-32z\"><\/path><\/svg><\/span>\n\t\t\t<span class='e-closed'><svg aria-hidden=\"true\" class=\"e-font-icon-svg e-fas-plus\" viewBox=\"0 0 448 512\" xmlns=\"http:\/\/www.w3.org\/2000\/svg\"><path d=\"M416 208H272V64c0-17.67-14.33-32-32-32h-32c-17.67 0-32 14.33-32 32v144H32c-17.67 0-32 14.33-32 32v32c0 17.67 14.33 32 32 32h144v144c0 17.67 14.33 32 32 32h32c17.67 0 32-14.33 32-32V304h144c17.67 0 32-14.33 32-32v-32c0-17.67-14.33-32-32-32z\"><\/path><\/svg><\/span>\n\t\t<\/span>\n\n\t\t\t\t\t\t<\/summary>\n\t\t\t\t<div role=\"region\" aria-labelledby=\"e-n-accordion-item-8972\" class=\"elementor-element elementor-element-7439084 e-con-full e-flex e-con e-child\" data-id=\"7439084\" data-element_type=\"container\">\n\t\t<div role=\"region\" aria-labelledby=\"e-n-accordion-item-8972\" class=\"elementor-element elementor-element-f23362d e-flex e-con-boxed e-con e-child\" data-id=\"f23362d\" data-element_type=\"container\">\n\t\t\t\t\t<div class=\"e-con-inner\">\n\t\t\t\t<div class=\"elementor-element elementor-element-84b930d elementor-widget elementor-widget-text-editor\" data-id=\"84b930d\" data-element_type=\"widget\" data-widget_type=\"text-editor.default\">\n\t\t\t\t\t\t\t\t\t<ul><li><strong>Leandro Lima Resende<\/strong> &#8211; Docente<\/li><li><strong>Mar\u00e7al Serafim C\u00e2ndido<\/strong> &#8211; Docente<\/li><li><strong>Claudio Roberto Car\u00edssimo<\/strong> &#8211; Docente<\/li><\/ul><h4 class=\"blog-post-title\" style=\"text-align: left;\" align=\"center\"><span class=\"featurette-heading\">Membros Suplentes do Conselho Fiscal<\/span><\/h4><ul><li><strong>M\u00e1rcio de Oliveira Pereira<\/strong> &#8211; Docente<\/li><li><strong>C\u00e1ssia Carneiro Avelino<\/strong> &#8211; Docente<\/li><li><strong>Edm\u00ear Silvestre Pereira J\u00fanior<\/strong> &#8211; Docente<\/li><\/ul>\t\t\t\t\t\t\t\t<\/div>\n\t\t\t\t\t<\/div>\n\t\t\t\t<\/div>\n\t\t\t\t<\/div>\n\t\t\t\t\t<\/details>\n\t\t\t\t\t<\/div>\n\t\t\t\t\t\t<\/div>\n\t\t\t\t\t<\/div>\n\t\t\t\t<\/div>\n\t\t\t\t<\/div>\n\t\t","protected":false},"excerpt":{"rendered":"<p>CONSELHOS Conselhos CONSELHO CURADOR Prof\u00aa. Simone Botelho Pereira &#8211; Docente Prof. Thiago Antonio de Oliveira S\u00e1 &#8211; Docente Prof\u00aa. Carla Leila Oliveira Campos &#8211; Docente Prof. Paulo Roberto Rodrigues de Souza &#8211; Docente Prof\u00aa. Maurielen Guterres Dalcin &#8211; Docente Prof. Clibson Alves dos Santos &#8211; Docente J\u00falio C\u00e9sar Barbosa &#8211; T\u00e9cnico-Administrativos em Educa\u00e7\u00e3o Pablo Matheus [&hellip;]<\/p>\n","protected":false},"author":1,"featured_media":0,"parent":0,"menu_order":0,"comment_status":"closed","ping_status":"closed","template":"elementor_header_footer","meta":{"_acf_changed":false,"footnotes":""},"class_list":["post-2650","page","type-page","status-publish","hentry"],"acf":[],"_links":{"self":[{"href":"https:\/\/facepevirtual.org.br\/facepe\/wp-json\/wp\/v2\/pages\/2650","targetHints":{"allow":["GET"]}}],"collection":[{"href":"https:\/\/facepevirtual.org.br\/facepe\/wp-json\/wp\/v2\/pages"}],"about":[{"href":"https:\/\/facepevirtual.org.br\/facepe\/wp-json\/wp\/v2\/types\/page"}],"author":[{"embeddable":true,"href":"https:\/\/facepevirtual.org.br\/facepe\/wp-json\/wp\/v2\/users\/1"}],"replies":[{"embeddable":true,"href":"https:\/\/facepevirtual.org.br\/facepe\/wp-json\/wp\/v2\/comments?post=2650"}],"version-history":[{"count":0,"href":"https:\/\/facepevirtual.org.br\/facepe\/wp-json\/wp\/v2\/pages\/2650\/revisions"}],"wp:attachment":[{"href":"https:\/\/facepevirtual.org.br\/facepe\/wp-json\/wp\/v2\/media?parent=2650"}],"curies":[{"name":"wp","href":"https:\/\/api.w.org\/{rel}","templated":true}]}}