{"id":2739,"date":"2024-08-15T09:37:29","date_gmt":"2024-08-15T12:37:29","guid":{"rendered":"https:\/\/facepevirtual.org.br\/facepe\/?page_id=2739"},"modified":"2024-10-25T10:11:15","modified_gmt":"2024-10-25T13:11:15","slug":"sobre","status":"publish","type":"page","link":"https:\/\/facepevirtual.org.br\/facepe\/sobre\/","title":{"rendered":"Sobre"},"content":{"rendered":"\t\t<div data-elementor-type=\"wp-page\" data-elementor-id=\"2739\" class=\"elementor elementor-2739\" data-elementor-post-type=\"page\">\n\t\t\t\t<div class=\"elementor-element elementor-element-f06a610 e-flex e-con-boxed e-con e-parent\" data-id=\"f06a610\" data-element_type=\"container\" data-settings=\"{&quot;background_background&quot;:&quot;gradient&quot;}\">\n\t\t\t\t\t<div class=\"e-con-inner\">\n\t\t<div class=\"elementor-element elementor-element-ef87a92 e-con-full e-flex e-con e-child\" data-id=\"ef87a92\" data-element_type=\"container\">\n\t\t\t\t<div class=\"elementor-element elementor-element-b9d0e23 elementor-widget elementor-widget-heading\" data-id=\"b9d0e23\" data-element_type=\"widget\" data-widget_type=\"heading.default\">\n\t\t\t\t\t<h2 class=\"elementor-heading-title elementor-size-default\">FACEPE<\/h2>\t\t\t\t<\/div>\n\t\t\t\t<\/div>\n\t\t\t\t\t<\/div>\n\t\t\t\t<\/div>\n\t\t<div class=\"elementor-element elementor-element-41f28c3 e-flex e-con-boxed e-con e-parent\" data-id=\"41f28c3\" data-element_type=\"container\" data-settings=\"{&quot;background_background&quot;:&quot;classic&quot;}\">\n\t\t\t\t\t<div class=\"e-con-inner\">\n\t\t<div class=\"elementor-element elementor-element-d3eccad e-flex e-con-boxed e-con e-child\" data-id=\"d3eccad\" data-element_type=\"container\">\n\t\t\t\t\t<div class=\"e-con-inner\">\n\t\t<div class=\"elementor-element elementor-element-8627855 e-flex e-con-boxed e-con e-child\" data-id=\"8627855\" data-element_type=\"container\">\n\t\t\t\t\t<div class=\"e-con-inner\">\n\t\t\t\t<div class=\"elementor-element elementor-element-e313876 elementor-widget__width-initial elementor-widget elementor-widget-heading\" data-id=\"e313876\" data-element_type=\"widget\" data-widget_type=\"heading.default\">\n\t\t\t\t\t<p class=\"elementor-heading-title elementor-size-default\"> <b>Apresenta\u00e7\u00e3o<\/b><br><br>A <B>FACEPE - Funda\u00e7\u00e3o de Apoio \u00e0 Cultura, Ensino, Pesquisa e Extens\u00e3o de Alfenas<\/B>, \u00e9 Pessoa Jur\u00eddica de Direito Privado e sem fins lucrativos, com sede na cidade de Alfenas, Estado de Minas Gerais. <BR><BR>Foi criada em 1988, por um grupo de Professores <B>(Ana Maria Duarte Dias Costa, Afr\u00e2nio Caiafa de Mesquita, Ant\u00f4nio Camilo de Souza Cruz, Glenan Singi, Jo\u00e3o Batista Magalh\u00e3es, Jos\u00e9 Ant\u00f4nio Leite, Maciro Manoel Pereira, Maria Elisa Pereira Bastos de Siqueira, Wilson da Siqueira Oliveira, Uvani Fonseca Martins Guerra, Silv\u00e9rio de Souza Freire Neto, Afr\u00e2nio Caiafa de Mesquita Filho, Selmo de \u00c1vila Lima, Maria Sinira Rocha de Oliveira, Glenira de Moura Leite, C\u00e9lio Pereira Bastos, Jo\u00e3o Evangelista Fiorini, Lana Ermelinda da Silva dos Santos, Walter Rocha)<\/B> da Efoa - Escola de Farm\u00e1cia e Odontologia de Alfenas atual UNIFAL-MG - Universidade Federal e Alfenas, tendo \u00e0 frente da iniciativa o <B>Prof. Afr\u00e2nio Caiafa de Mesquita<\/B>, que, naquela \u00e9poca, exercia o cargo de Diretor da Efoa.<BR><BR>\n\n \n\nIniciou suas atividades em <B>14 de julho de 1992<\/B>, passando a operar ininterruptamente, com o objetivo primordial de apoiar as atividades da Efoa e seu desenvolvimento Institucional.<BR><BR>\n\n \n\nGerencia, atrav\u00e9s de contratos e conv\u00eanios, diversas atividades desenvolvidas pela UNIFAL, em especial aquelas que visam levar melhores condi\u00e7\u00f5es de sa\u00fade \u00e0 comunidade alfenense e \u00e0 popula\u00e7\u00e3o do Sul de Minas Gerais.<\/p>\t\t\t\t<\/div>\n\t\t\t\t\t<\/div>\n\t\t\t\t<\/div>\n\t\t<div class=\"elementor-element elementor-element-3019d6a e-flex e-con-boxed e-con e-child\" data-id=\"3019d6a\" data-element_type=\"container\">\n\t\t\t\t\t<div class=\"e-con-inner\">\n\t\t\t\t<div class=\"elementor-element elementor-element-4d27553 elementor-widget elementor-widget-image\" data-id=\"4d27553\" data-element_type=\"widget\" data-widget_type=\"image.default\">\n\t\t\t\t\t\t\t\t\t\t\t\t\t\t\t<img fetchpriority=\"high\" decoding=\"async\" width=\"398\" height=\"403\" src=\"https:\/\/facepevirtual.org.br\/facepe\/wp-content\/uploads\/2024\/08\/logo-facepe-transparente.png\" class=\"attachment-large size-large wp-image-2742\" alt=\"\" srcset=\"https:\/\/facepevirtual.org.br\/facepe\/wp-content\/uploads\/2024\/08\/logo-facepe-transparente.png 398w, https:\/\/facepevirtual.org.br\/facepe\/wp-content\/uploads\/2024\/08\/logo-facepe-transparente-296x300.png 296w\" sizes=\"(max-width: 398px) 100vw, 398px\" \/>\t\t\t\t\t\t\t\t\t\t\t\t\t\t\t<\/div>\n\t\t\t\t\t<\/div>\n\t\t\t\t<\/div>\n\t\t\t\t\t<\/div>\n\t\t\t\t<\/div>\n\t\t\t\t\t<\/div>\n\t\t\t\t<\/div>\n\t\t\t\t<\/div>\n\t\t","protected":false},"excerpt":{"rendered":"<p>FACEPE Apresenta\u00e7\u00e3o A FACEPE &#8211; Funda\u00e7\u00e3o de Apoio \u00e0 Cultura, Ensino, Pesquisa e Extens\u00e3o de Alfenas, \u00e9 Pessoa Jur\u00eddica de Direito Privado e sem fins lucrativos, com sede na cidade de Alfenas, Estado de Minas Gerais. Foi criada em 1988, por um grupo de Professores (Ana Maria Duarte Dias Costa, Afr\u00e2nio Caiafa de Mesquita, Ant\u00f4nio [&hellip;]<\/p>\n","protected":false},"author":1,"featured_media":0,"parent":0,"menu_order":0,"comment_status":"closed","ping_status":"closed","template":"elementor_header_footer","meta":{"_acf_changed":false,"footnotes":""},"class_list":["post-2739","page","type-page","status-publish","hentry"],"acf":[],"_links":{"self":[{"href":"https:\/\/facepevirtual.org.br\/facepe\/wp-json\/wp\/v2\/pages\/2739","targetHints":{"allow":["GET"]}}],"collection":[{"href":"https:\/\/facepevirtual.org.br\/facepe\/wp-json\/wp\/v2\/pages"}],"about":[{"href":"https:\/\/facepevirtual.org.br\/facepe\/wp-json\/wp\/v2\/types\/page"}],"author":[{"embeddable":true,"href":"https:\/\/facepevirtual.org.br\/facepe\/wp-json\/wp\/v2\/users\/1"}],"replies":[{"embeddable":true,"href":"https:\/\/facepevirtual.org.br\/facepe\/wp-json\/wp\/v2\/comments?post=2739"}],"version-history":[{"count":0,"href":"https:\/\/facepevirtual.org.br\/facepe\/wp-json\/wp\/v2\/pages\/2739\/revisions"}],"wp:attachment":[{"href":"https:\/\/facepevirtual.org.br\/facepe\/wp-json\/wp\/v2\/media?parent=2739"}],"curies":[{"name":"wp","href":"https:\/\/api.w.org\/{rel}","templated":true}]}}