{"id":977,"date":"2024-02-29T14:24:28","date_gmt":"2024-02-29T17:24:28","guid":{"rendered":"https:\/\/facepevirtual.org.br\/facepe\/?page_id=977"},"modified":"2026-02-24T14:00:53","modified_gmt":"2026-02-24T17:00:53","slug":"transparencia","status":"publish","type":"page","link":"https:\/\/facepevirtual.org.br\/facepe\/transparencia\/","title":{"rendered":"Transpar\u00eancia"},"content":{"rendered":"\t\t<div data-elementor-type=\"wp-page\" data-elementor-id=\"977\" class=\"elementor elementor-977\" data-elementor-post-type=\"page\">\n\t\t\t\t<div class=\"elementor-element elementor-element-0bb86f3 e-flex e-con-boxed e-con e-parent\" data-id=\"0bb86f3\" data-element_type=\"container\">\n\t\t\t\t\t<div class=\"e-con-inner\">\n\t\t\t\t<div class=\"elementor-element elementor-element-9e477db elementor-widget elementor-widget-slider_revolution\" data-id=\"9e477db\" data-element_type=\"widget\" data-widget_type=\"slider_revolution.default\">\n\t\t\t\t\t\r\n\t\t<div class=\"wp-block-themepunch-revslider\">\n\t\t\t<!-- START Transparencia REVOLUTION SLIDER 6.6.15 --><p class=\"rs-p-wp-fix\"><\/p>\n\t\t\t<rs-module-wrap id=\"rev_slider_1_1_wrapper\" data-source=\"gallery\" style=\"visibility:hidden;background:transparent;padding:0;margin:0px auto;margin-top:0;margin-bottom:0;\">\n\t\t\t\t<rs-module id=\"rev_slider_1_1\" style=\"\" data-version=\"6.6.15\">\n\t\t\t\t\t<rs-slides style=\"overflow: hidden; position: absolute;\">\n\t\t\t\t\t\t<rs-slide style=\"position: absolute;\" data-key=\"rs-7\" data-title=\"Slide\" data-anim=\"adpr:false;ms:10;\" data-in=\"o:1;\" data-out=\"a:false;\">\n\t\t\t\t\t\t\t<img fetchpriority=\"high\" decoding=\"async\" src=\"\/\/facepevirtual.org.br\/facepe\/wp-content\/plugins\/revslider\/public\/assets\/assets\/dummy.png\" alt=\"\" title=\"Analyzing electronic document\" width=\"2560\" height=\"1707\" class=\"rev-slidebg tp-rs-img rs-lazyload\" data-lazyload=\"\/\/facepevirtual.org.br\/facepe\/wp-content\/uploads\/2024\/02\/TANSPARENCIA-scaled.jpg\" data-bg=\"p:0% 40%;\" data-no-retina>\n<!--\n\t\t\t\t\t\t\t--><rs-layer\n\t\t\t\t\t\t\t\tid=\"slider-1-slide-7-layer-0\" \n\t\t\t\t\t\t\t\tdata-type=\"text\"\n\t\t\t\t\t\t\t\tdata-rsp_ch=\"on\"\n\t\t\t\t\t\t\t\tdata-xy=\"x:l,l,c,c;xo:291px,118px,0,0;yo:242px,226px,141px,104px;\"\n\t\t\t\t\t\t\t\tdata-text=\"w:normal;s:35,14,30,19;l:35,14,30,18;fw:500;\"\n\t\t\t\t\t\t\t\tdata-frame_999=\"o:0;st:w;\"\n\t\t\t\t\t\t\t\tstyle=\"z-index:7;font-family:'Montserrat';\"\n\t\t\t\t\t\t\t>PORTAL \n\t\t\t\t\t\t\t<\/rs-layer><!--\n\n\t\t\t\t\t\t\t--><rs-layer\n\t\t\t\t\t\t\t\tid=\"slider-1-slide-7-layer-1\" \n\t\t\t\t\t\t\t\tdata-type=\"text\"\n\t\t\t\t\t\t\t\tdata-rsp_ch=\"on\"\n\t\t\t\t\t\t\t\tdata-xy=\"x:l,l,c,c;xo:288px,115px,0,0;yo:292px,261px,197px,141px;\"\n\t\t\t\t\t\t\t\tdata-text=\"w:normal;s:90,36,46,29;l:90,36,46,29;fw:900;\"\n\t\t\t\t\t\t\t\tdata-frame_0=\"x:0,0,0px,0px;y:0,0,0px,0px;\"\n\t\t\t\t\t\t\t\tdata-frame_1=\"x:0,0,0px,0px;y:0,0,0px,0px;\"\n\t\t\t\t\t\t\t\tdata-frame_999=\"o:0;st:w;\"\n\t\t\t\t\t\t\t\tstyle=\"z-index:8;font-family:'Montserrat';\"\n\t\t\t\t\t\t\t>TRANSPAR\u00caNCIA \n\t\t\t\t\t\t\t<\/rs-layer><!--\n-->\t\t\t\t\t\t<\/rs-slide>\n\t\t\t\t\t<\/rs-slides>\n\t\t\t\t<\/rs-module>\n\t\t\t\t<script>\n\t\t\t\t\tsetREVStartSize({c: 'rev_slider_1_1',rl:[1240,1024,778,480],el:[1000,600,450,350],gw:[2560,1024,778,480],gh:[1000,600,450,350],type:'carousel',justify:'',layout:'fullwidth',mh:\"0\"});if (window.RS_MODULES!==undefined && window.RS_MODULES.modules!==undefined && window.RS_MODULES.modules[\"revslider11\"]!==undefined) {window.RS_MODULES.modules[\"revslider11\"].once = false;window.revapi1 = undefined;if (window.RS_MODULES.checkMinimal!==undefined) window.RS_MODULES.checkMinimal()}\n\t\t\t\t<\/script>\n\t\t\t<\/rs-module-wrap>\n\t\t\t<!-- END REVOLUTION SLIDER -->\n<\/div>\r\n\r\n\t\t\t\t\t\t<\/div>\n\t\t\t\t\t<\/div>\n\t\t\t\t<\/div>\n\t\t<div class=\"elementor-element elementor-element-2c5c1c7 e-flex e-con-boxed e-con e-parent\" data-id=\"2c5c1c7\" data-element_type=\"container\" data-settings=\"{&quot;background_background&quot;:&quot;classic&quot;}\">\n\t\t\t\t\t<div class=\"e-con-inner\">\n\t\t\t\t<div class=\"elementor-element elementor-element-c17569e elementor-widget elementor-widget-heading\" data-id=\"c17569e\" data-element_type=\"widget\" data-widget_type=\"heading.default\">\n\t\t\t\t\t<h2 class=\"elementor-heading-title elementor-size-default\">Acesso \u00e0 Informa\u00e7\u00e3o<\/h2>\t\t\t\t<\/div>\n\t\t<div class=\"elementor-element elementor-element-8280eed e-flex e-con-boxed e-con e-child\" data-id=\"8280eed\" data-element_type=\"container\">\n\t\t\t\t\t<div class=\"e-con-inner\">\n\t\t\t\t<div class=\"elementor-element elementor-element-2d28dcc elementor-widget elementor-widget-heading\" data-id=\"2d28dcc\" data-element_type=\"widget\" data-widget_type=\"heading.default\">\n\t\t\t\t\t<h1 class=\"elementor-heading-title elementor-size-default\"><a href=\"https:\/\/facepevirtual.org.br\/transparencia.html\" target=\"_blank\">INFORMA\u00c7\u00d5ES DOS CONTRATAOS GERENCIADOS PELA FACEPE<\/a><\/h1>\t\t\t\t<\/div>\n\t\t\t\t\t<\/div>\n\t\t\t\t<\/div>\n\t\t\t\t\t<\/div>\n\t\t\t\t<\/div>\n\t\t<div class=\"elementor-element elementor-element-1ff7c21 e-flex e-con-boxed e-con e-parent\" data-id=\"1ff7c21\" data-element_type=\"container\" data-settings=\"{&quot;background_background&quot;:&quot;classic&quot;}\">\n\t\t\t\t\t<div class=\"e-con-inner\">\n\t\t\t\t<div class=\"elementor-element elementor-element-252fd37 elementor-widget elementor-widget-heading\" data-id=\"252fd37\" data-element_type=\"widget\" data-widget_type=\"heading.default\">\n\t\t\t\t\t<h2 class=\"elementor-heading-title elementor-size-default\">Presta\u00e7\u00e3o de Contas<\/h2>\t\t\t\t<\/div>\n\t\t<div class=\"elementor-element elementor-element-d87317c e-flex e-con-boxed e-con e-child\" data-id=\"d87317c\" data-element_type=\"container\">\n\t\t\t\t\t<div class=\"e-con-inner\">\n\t\t\t\t<div class=\"elementor-element elementor-element-287f63a elementor-widget elementor-widget-toggle\" data-id=\"287f63a\" data-element_type=\"widget\" data-widget_type=\"toggle.default\">\n\t\t\t\t\t\t\t<div class=\"elementor-toggle\">\n\t\t\t\t\t\t\t<div class=\"elementor-toggle-item\">\n\t\t\t\t\t<div id=\"elementor-tab-title-4241\" class=\"elementor-tab-title\" data-tab=\"1\" role=\"button\" aria-controls=\"elementor-tab-content-4241\" aria-expanded=\"false\">\n\t\t\t\t\t\t\t\t\t\t\t\t<span class=\"elementor-toggle-icon elementor-toggle-icon-right\" aria-hidden=\"true\">\n\t\t\t\t\t\t\t\t\t\t\t\t\t\t\t<span class=\"elementor-toggle-icon-closed\"><svg xmlns=\"http:\/\/www.w3.org\/2000\/svg\" xmlns:xlink=\"http:\/\/www.w3.org\/1999\/xlink\" id=\"Capa_1\" x=\"0px\" y=\"0px\" viewBox=\"0 0 512 512\" style=\"enable-background:new 0 0 512 512;\" xml:space=\"preserve\" width=\"512\" height=\"512\"><g>\t<path d=\"M480,224H288V32c0-17.673-14.327-32-32-32s-32,14.327-32,32v192H32c-17.673,0-32,14.327-32,32s14.327,32,32,32h192v192   c0,17.673,14.327,32,32,32s32-14.327,32-32V288h192c17.673,0,32-14.327,32-32S497.673,224,480,224z\"><\/path><\/g><\/svg><\/span>\n\t\t\t\t\t\t\t\t<span class=\"elementor-toggle-icon-opened\"><svg class=\"elementor-toggle-icon-opened e-font-icon-svg e-fas-caret-up\" viewBox=\"0 0 320 512\" xmlns=\"http:\/\/www.w3.org\/2000\/svg\"><path d=\"M288.662 352H31.338c-17.818 0-26.741-21.543-14.142-34.142l128.662-128.662c7.81-7.81 20.474-7.81 28.284 0l128.662 128.662c12.6 12.599 3.676 34.142-14.142 34.142z\"><\/path><\/svg><\/span>\n\t\t\t\t\t\t\t\t\t\t\t\t\t<\/span>\n\t\t\t\t\t\t\t\t\t\t\t\t<a class=\"elementor-toggle-title\" tabindex=\"0\">ANO 2026<\/a>\n\t\t\t\t\t<\/div>\n\n\t\t\t\t\t<div id=\"elementor-tab-content-4241\" class=\"elementor-tab-content elementor-clearfix\" data-tab=\"1\" role=\"region\" aria-labelledby=\"elementor-tab-title-4241\"><p><a href=\"https:\/\/facepevirtual.org.br\/facepe\/wp-content\/uploads\/2026\/02\/Prestacao_de_Contas_Contrato_n_-42_2025.pdf\" target=\"_blank\" rel=\"noopener\"><strong>&#8211; PRESTA\u00c7\u00c3O DE CONTAS N 42\/2025<\/strong><\/a><\/p><p><a href=\"https:\/\/facepevirtual.org.br\/facepe\/wp-content\/uploads\/2026\/01\/Prestacao_de_Contas_n_24_2022.pdf\" target=\"_blank\" rel=\"noopener\"><strong>&#8211; PRESTA\u00c7\u00c3O DE CONTAS N 24\/2022<\/strong><\/a><\/p><p><a href=\"https:\/\/facepevirtual.org.br\/facepe\/wp-content\/uploads\/2026\/01\/Contrato_15_2025.pdf\" target=\"_blank\" rel=\"noopener\"><strong>&#8211; CONTRATO N 15\/2025<\/strong><\/a><\/p><p><a href=\"https:\/\/facepevirtual.org.br\/facepe\/wp-content\/uploads\/2026\/01\/Prestacao_de_Contas_Contrato_36_2025.pdf\" target=\"_blank\" rel=\"noopener\"><strong>&#8211; CONTRATO N 36\/2025<\/strong><\/a><\/p><p><a href=\"https:\/\/facepevirtual.org.br\/facepe\/wp-content\/uploads\/2026\/01\/Contrato_n45_2023.pdf\" target=\"_blank\" rel=\"noopener\"><strong>&#8211; CONTRATO N 45\/2023<\/strong><\/a><\/p><p><a href=\"https:\/\/facepevirtual.org.br\/facepe\/wp-content\/uploads\/2026\/01\/ACN-00020-11.pdf\" target=\"_blank\" rel=\"noopener\"><strong>&#8211; ACN-00020-11<\/strong><\/a><\/p><p><a href=\"https:\/\/facepevirtual.org.br\/facepe\/wp-content\/uploads\/2026\/01\/APQ-02782-10.pdf\" target=\"_blank\" rel=\"noopener\"><strong>&#8211; APQ-02782-10<\/strong><\/a><\/p><\/div>\n\t\t\t\t<\/div>\n\t\t\t\t\t\t\t<div class=\"elementor-toggle-item\">\n\t\t\t\t\t<div id=\"elementor-tab-title-4242\" class=\"elementor-tab-title\" data-tab=\"2\" role=\"button\" aria-controls=\"elementor-tab-content-4242\" aria-expanded=\"false\">\n\t\t\t\t\t\t\t\t\t\t\t\t<span class=\"elementor-toggle-icon elementor-toggle-icon-right\" aria-hidden=\"true\">\n\t\t\t\t\t\t\t\t\t\t\t\t\t\t\t<span class=\"elementor-toggle-icon-closed\"><svg xmlns=\"http:\/\/www.w3.org\/2000\/svg\" xmlns:xlink=\"http:\/\/www.w3.org\/1999\/xlink\" id=\"Capa_1\" x=\"0px\" y=\"0px\" viewBox=\"0 0 512 512\" style=\"enable-background:new 0 0 512 512;\" xml:space=\"preserve\" width=\"512\" height=\"512\"><g>\t<path d=\"M480,224H288V32c0-17.673-14.327-32-32-32s-32,14.327-32,32v192H32c-17.673,0-32,14.327-32,32s14.327,32,32,32h192v192   c0,17.673,14.327,32,32,32s32-14.327,32-32V288h192c17.673,0,32-14.327,32-32S497.673,224,480,224z\"><\/path><\/g><\/svg><\/span>\n\t\t\t\t\t\t\t\t<span class=\"elementor-toggle-icon-opened\"><svg class=\"elementor-toggle-icon-opened e-font-icon-svg e-fas-caret-up\" viewBox=\"0 0 320 512\" xmlns=\"http:\/\/www.w3.org\/2000\/svg\"><path d=\"M288.662 352H31.338c-17.818 0-26.741-21.543-14.142-34.142l128.662-128.662c7.81-7.81 20.474-7.81 28.284 0l128.662 128.662c12.6 12.599 3.676 34.142-14.142 34.142z\"><\/path><\/svg><\/span>\n\t\t\t\t\t\t\t\t\t\t\t\t\t<\/span>\n\t\t\t\t\t\t\t\t\t\t\t\t<a class=\"elementor-toggle-title\" tabindex=\"0\">ANO 2025<\/a>\n\t\t\t\t\t<\/div>\n\n\t\t\t\t\t<div id=\"elementor-tab-content-4242\" class=\"elementor-tab-content elementor-clearfix\" data-tab=\"2\" role=\"region\" aria-labelledby=\"elementor-tab-title-4242\"><p><a href=\"https:\/\/facepevirtual.org.br\/facepe\/wp-content\/uploads\/2025\/10\/SEI_GOVMG-110456809-Oficio-APQ-00889-12.pdf\" target=\"_blank\" rel=\"noopener\"><strong>&#8211; APQ-00889-12<\/strong><\/a><\/p><p><a href=\"https:\/\/facepevirtual.org.br\/facepe\/wp-content\/uploads\/2025\/10\/SEI_GOVMG-110458245-Oficio-APQ-02353-17.pdf\" target=\"_blank\" rel=\"noopener\"><strong>&#8211; APQ-02353-17<\/strong><\/a><\/p><p><a href=\"https:\/\/facepevirtual.org.br\/facepe\/wp-content\/uploads\/2025\/10\/SEI_GOVMG-108123417-Oficio-APQ-02225-18.pdf\" target=\"_blank\" rel=\"noopener\"><strong>&#8211; APQ-02225-18<\/strong><\/a><\/p><p><a href=\"https:\/\/facepevirtual.org.br\/facepe\/wp-content\/uploads\/2025\/10\/SEI_GOVMG-110282115-Oficio-APQ-02976-17.pdf\" target=\"_blank\" rel=\"noopener\"><strong>&#8211; APQ-02976-17<\/strong><\/a><\/p><p><a href=\"https:\/\/facepevirtual.org.br\/facepe\/wp-content\/uploads\/2025\/10\/SEI_GOVMG-108643075-Oficio-APQ-02813-16.pdf\" target=\"_blank\" rel=\"noopener\"><strong>&#8211; APQ-02813-16<\/strong><\/a><\/p><p><a href=\"https:\/\/facepevirtual.org.br\/facepe\/wp-content\/uploads\/2025\/10\/SEI_GOVMG-109541998-Oficio-APQ-03812-16.pdf\" target=\"_blank\" rel=\"noopener\"><strong>&#8211; APQ-03812-16<\/strong><\/a><\/p><p><a href=\"https:\/\/facepevirtual.org.br\/facepe\/wp-content\/uploads\/2025\/10\/SEI_GOVMG-109854017-Oficio-APQ-01335-16.pdf\" target=\"_blank\" rel=\"noopener\"><strong>&#8211; APQ-01335-16<\/strong><\/a><\/p><p><a href=\"https:\/\/facepevirtual.org.br\/facepe\/wp-content\/uploads\/2025\/10\/SEI_GOVMG-109855433-Oficio-APQ-00980-21.pdf\" target=\"_blank\" rel=\"noopener\"><strong>&#8211; APQ-00980-21<\/strong><\/a><\/p><p><a href=\"https:\/\/facepevirtual.org.br\/facepe\/wp-content\/uploads\/2025\/10\/SEI_GOVMG-108125661-Oficio-APQ-01239-16.pdf\" target=\"_blank\" rel=\"noopener\"><strong>&#8211; APQ-01239-16<\/strong><\/a><\/p><p><a href=\"https:\/\/facepevirtual.org.br\/facepe\/wp-content\/uploads\/2025\/10\/Prestacao_de_Contas_Contrato_05_2025.pdf\" target=\"_blank\" rel=\"noopener\"><strong>&#8211; Contrato n\u00b0 005\/2025<\/strong><\/a><\/p><p><a href=\"https:\/\/facepevirtual.org.br\/facepe\/wp-content\/uploads\/2025\/09\/Prestacao_002_2025.pdf\" target=\"_blank\" rel=\"noopener\"><strong>&#8211; Contrato n\u00b0 002\/2025<\/strong><\/a><\/p><p><a href=\"https:\/\/facepevirtual.org.br\/facepe\/wp-content\/uploads\/2025\/06\/Contrato-n41-2021.pdf\" target=\"_blank\" rel=\"noopener\"><strong>&#8211; Contrato n\u00b0 41\/2021<\/strong><\/a><\/p><p><a href=\"https:\/\/facepevirtual.org.br\/facepe\/wp-content\/uploads\/2025\/05\/SEI_GOVMG-105629737-Oficio-OET-00576-17.pdf\" target=\"_blank\" rel=\"noopener\"><strong>&#8211; Processo OET-00576-17<\/strong><\/a><\/p><p><a href=\"https:\/\/facepevirtual.org.br\/facepe\/wp-content\/uploads\/2025\/05\/SEI_GOVMG-105690003-Oficio.pdf\" target=\"_blank\" rel=\"noopener\"><strong>&#8211; Processo OET-00295-16<\/strong><\/a><\/p><p><a href=\"https:\/\/facepevirtual.org.br\/facepe\/wp-content\/uploads\/2025\/05\/SEI_GOVMG-105680924-Oficio-OET-00489-15.pdf\" target=\"_blank\" rel=\"noopener\"><strong>&#8211; Processo OET-00489-15<\/strong><\/a><\/p><p><a href=\"https:\/\/facepevirtual.org.br\/facepe\/wp-content\/uploads\/2025\/05\/SEI_GOVMG-105684734-Oficio-OET-00219-14.pdf\" target=\"_blank\" rel=\"noopener\"><strong>&#8211; Processo OET-00219-14<\/strong><\/a><\/p><p><a href=\"https:\/\/facepevirtual.org.br\/facepe\/wp-content\/uploads\/2025\/05\/Prestacao_Contrato_31_2023.pdf\" target=\"_blank\" rel=\"noopener\"><strong>&#8211; Contrato 31-2023<\/strong><\/a><\/p><p><a href=\"https:\/\/facepevirtual.org.br\/facepe\/wp-content\/uploads\/2025\/04\/SEI_GOVMG-105746451-Oficio-PPM-00077-09.pdf\" target=\"_blank\" rel=\"noopener\"><strong>&#8211; PPM-00077-09<\/strong><\/a><\/p><p><a href=\"https:\/\/facepevirtual.org.br\/facepe\/wp-content\/uploads\/2025\/04\/SEI_GOVMG-105755990-Oficio-APQ-01989-09.pdf\" target=\"_blank\" rel=\"noopener\"><strong>&#8211; APQ-01989-09<\/strong><\/a><\/p><p><a href=\"https:\/\/facepevirtual.org.br\/facepe\/wp-content\/uploads\/2025\/04\/SEI_GOVMG-105732531-Oficio-APQ-03227-12.pdf\" target=\"_blank\" rel=\"noopener\"><strong>&#8211; APQ-03227-12<\/strong><\/a><\/p><p><a href=\"https:\/\/facepevirtual.org.br\/facepe\/wp-content\/uploads\/2025\/04\/SEI_GOVMG-105673265-Oficio-APQ-03198-12.pdf\" target=\"_blank\" rel=\"noopener\">&#8211; <strong>APQ- 03198-12<\/strong><\/a><\/p><p><a href=\"https:\/\/facepevirtual.org.br\/facepe\/wp-content\/uploads\/2025\/04\/SEI_GOVMG-105738642-Oficio-APQ-02130-08.pdf\" target=\"_blank\" rel=\"noopener\"><strong>&#8211; APQ-02130-08<\/strong><\/a><\/p><p><a href=\"https:\/\/facepevirtual.org.br\/facepe\/wp-content\/uploads\/2025\/04\/SEI_GOVMG-105518319-Oficio-APQ-01982-14.pdf\" target=\"_blank\" rel=\"noopener\"><strong>&#8211; APQ-01982-14<\/strong><\/a><\/p><p>&#8211; <a href=\"https:\/\/facepevirtual.org.br\/facepe\/wp-content\/uploads\/2025\/04\/SEI_GOVMG-105648452-Oficio-APQ-03223-12.pdf\" target=\"_blank\" rel=\"noopener\"><strong>APQ-03223-12<\/strong><\/a><\/p><p><a href=\"https:\/\/facepevirtual.org.br\/facepe\/wp-content\/uploads\/2025\/04\/SEI_GOVMG-105648603-Oficio-APQ-04835-10.pdf\" target=\"_blank\" rel=\"noopener\"><strong>&#8211; APQ-04835-10<\/strong><\/a><\/p><p><a href=\"https:\/\/facepevirtual.org.br\/facepe\/wp-content\/uploads\/2025\/04\/SEI_GOVMG-105658661-Oficio-PPM-00144-15.pdf\" target=\"_blank\" rel=\"noopener\"><strong>&#8211; PPM-00144-15<\/strong><\/a><\/p><p><a href=\"https:\/\/facepevirtual.org.br\/facepe\/wp-content\/uploads\/2025\/04\/SEI_GOVMG-105660807-Oficio-APQ-01250-10.pdf\" target=\"_blank\" rel=\"noopener\"><strong>&#8211; APQ-01250-10<\/strong><\/a><\/p><p><a href=\"https:\/\/facepevirtual.org.br\/facepe\/wp-content\/uploads\/2025\/01\/Prestaca_Contas_32_2024.pdf\" target=\"_blank\" rel=\"noopener\"><strong>&#8211; Processo APQ-01982-14<\/strong><\/a><\/p><p><a href=\"https:\/\/facepevirtual.org.br\/facepe\/wp-content\/uploads\/2025\/01\/Prestaca_Contas_32_2024.pdf\" target=\"_blank\" rel=\"noopener\"><strong>&#8211; Contrato n\u00b0 32\/2024<\/strong><\/a><\/p><p><a href=\"https:\/\/facepevirtual.org.br\/facepe\/wp-content\/uploads\/2025\/01\/Prestaca_Contas_34_2024.pdf\" target=\"_blank\" rel=\"noopener\"><strong>&#8211; Contrato n\u00b0 34\/2024<\/strong><\/a><\/p><p><a href=\"https:\/\/facepevirtual.org.br\/facepe\/wp-content\/uploads\/2025\/01\/Prestacao_de_conta_Contrato_13_2024.pdf\" target=\"_blank\" rel=\"noopener\"><strong>&#8211; Contrato n\u00b0 13\/2024<\/strong><\/a><\/p><p><a href=\"https:\/\/facepevirtual.org.br\/facepe\/wp-content\/uploads\/2025\/01\/Prestacao_de_conta_Contrato_49_2023.pdf\" target=\"_blank\" rel=\"noopener\"><strong>&#8211; Contrato n\u00b0 49\/2023<\/strong><\/a><\/p><\/div>\n\t\t\t\t<\/div>\n\t\t\t\t\t\t\t<div class=\"elementor-toggle-item\">\n\t\t\t\t\t<div id=\"elementor-tab-title-4243\" class=\"elementor-tab-title\" data-tab=\"3\" role=\"button\" aria-controls=\"elementor-tab-content-4243\" aria-expanded=\"false\">\n\t\t\t\t\t\t\t\t\t\t\t\t<span class=\"elementor-toggle-icon elementor-toggle-icon-right\" aria-hidden=\"true\">\n\t\t\t\t\t\t\t\t\t\t\t\t\t\t\t<span class=\"elementor-toggle-icon-closed\"><svg xmlns=\"http:\/\/www.w3.org\/2000\/svg\" xmlns:xlink=\"http:\/\/www.w3.org\/1999\/xlink\" id=\"Capa_1\" x=\"0px\" y=\"0px\" viewBox=\"0 0 512 512\" style=\"enable-background:new 0 0 512 512;\" xml:space=\"preserve\" width=\"512\" height=\"512\"><g>\t<path d=\"M480,224H288V32c0-17.673-14.327-32-32-32s-32,14.327-32,32v192H32c-17.673,0-32,14.327-32,32s14.327,32,32,32h192v192   c0,17.673,14.327,32,32,32s32-14.327,32-32V288h192c17.673,0,32-14.327,32-32S497.673,224,480,224z\"><\/path><\/g><\/svg><\/span>\n\t\t\t\t\t\t\t\t<span class=\"elementor-toggle-icon-opened\"><svg class=\"elementor-toggle-icon-opened e-font-icon-svg e-fas-caret-up\" viewBox=\"0 0 320 512\" xmlns=\"http:\/\/www.w3.org\/2000\/svg\"><path d=\"M288.662 352H31.338c-17.818 0-26.741-21.543-14.142-34.142l128.662-128.662c7.81-7.81 20.474-7.81 28.284 0l128.662 128.662c12.6 12.599 3.676 34.142-14.142 34.142z\"><\/path><\/svg><\/span>\n\t\t\t\t\t\t\t\t\t\t\t\t\t<\/span>\n\t\t\t\t\t\t\t\t\t\t\t\t<a class=\"elementor-toggle-title\" tabindex=\"0\">ANO 2024<\/a>\n\t\t\t\t\t<\/div>\n\n\t\t\t\t\t<div id=\"elementor-tab-content-4243\" class=\"elementor-tab-content elementor-clearfix\" data-tab=\"3\" role=\"region\" aria-labelledby=\"elementor-tab-title-4243\"><p><a href=\"https:\/\/facepevirtual.org.br\/Prestacao_de_Contas_Acordo_de_Parceria_03_2024.pdf\" target=\"_blank\" rel=\"noopener\"><strong>&#8211; Contrato n\u00b0 03\/2024<\/strong><\/a><\/p><p><a href=\"https:\/\/facepevirtual.org.br\/Oficio_FAPEMIG-GMR_n_661_2024.pdf\" target=\"_blank\" rel=\"noopener\"><strong>&#8211; Processo APQ-00068-11<\/strong><\/a><\/p><p><a href=\"https:\/\/facepevirtual.org.br\/Oficio_FAPEMIG_GMR_1633_2024.pdf\" target=\"_blank\" rel=\"noopener\"><strong>&#8211; Processo ACN-00028-12<\/strong><\/a><\/p><p><a href=\"https:\/\/facepevirtual.org.br\/SEI_1377832_Despacho_Administrativo_1528.pdf\" target=\"_blank\" rel=\"noopener\"><strong>&#8211; Contrato n\u00b0 06\/2024<\/strong><\/a><\/p><p><a href=\"https:\/\/facepevirtual.org.br\/SEI_1351994_Despacho_Administrativo_1415.pdf\" target=\"_blank\" rel=\"noopener\"><strong>&#8211; Contrato n\u00b0 16\/2024<\/strong><\/a><\/p><p><a href=\"https:\/\/facepevirtual.org.br\/SEI_1341147_Despacho_Administrativo_1453.pdf\" target=\"_blank\" rel=\"noopener\"><strong>&#8211; Contrato n\u00b0 42\/2020<\/strong><\/a><\/p><p><a href=\"https:\/\/facepevirtual.org.br\/SEI_1335890_Despacho_Administrativo_1317.pdf\" target=\"_blank\" rel=\"noopener\"><strong>&#8211; Contrato n\u00b0 07\/2021<\/strong><\/a><\/p><p><a href=\"https:\/\/facepevirtual.org.br\/Oficio_400_FAPEMIG.pdf\" target=\"_blank\" rel=\"noopener\"><strong>&#8211; Processo APQ-02647-16<\/strong><\/a>\u00a0<\/p><p><a href=\"https:\/\/facepevirtual.org.br\/Aprova%C3%A7%C3%A3o%20de%20presta%C3%A7%C3%A3o%20de%20Contas%20-SEI_Unifal-MG%20-%201275637%20-%20Despacho%20Administrativo.pdf\" target=\"_blank\" rel=\"noopener\"><strong>&#8211; Contrato n\u00b0 26\/2023<\/strong><\/a><\/p><p><a href=\"https:\/\/facepevirtual.org.br\/PDF_2070_01_0003182_2019_38_2.pdf\" target=\"_blank\" rel=\"noopener\"><strong>&#8211; Processo TEC &#8211; APQ-02154-11<\/strong><\/a><\/p><p><a href=\"https:\/\/facepevirtual.org.br\/Prestacao%20de%20contas%20aprovada%20%202070_01_0003503_2019_04.pdf\" target=\"_blank\" rel=\"noopener\"><strong>&#8211; Processo APQ-00198-14<\/strong><\/a><\/p><p><a href=\"https:\/\/facepevirtual.org.br\/SEI_1171834_Despacho_Administrativo_123.pdf\" target=\"_blank\" rel=\"noopener\"><strong>&#8211; Contrato n\u00b0 40\/2023<\/strong><\/a><\/p><p><a href=\"https:\/\/facepevirtual.org.br\/Despacho%20Administrativo%20n121_2024%20-%20Aprovacao%20da%20Prestacao%20de%20Contas%20(1).pdf\" target=\"_blank\" rel=\"noopener\"><strong>&#8211; Contrato n\u00b0 27\/2023<\/strong><\/a><\/p><p><a href=\"https:\/\/facepevirtual.org.br\/SEI_Unifal-MG%20-%201180271%20-%20Despacho%20Administrativo.pdf\" target=\"_blank\" rel=\"noopener\"><strong>&#8211; Contrato n\u00b0 30\/2023<\/strong><\/a><\/p><\/div>\n\t\t\t\t<\/div>\n\t\t\t\t\t\t\t<div class=\"elementor-toggle-item\">\n\t\t\t\t\t<div id=\"elementor-tab-title-4244\" class=\"elementor-tab-title\" data-tab=\"4\" role=\"button\" aria-controls=\"elementor-tab-content-4244\" aria-expanded=\"false\">\n\t\t\t\t\t\t\t\t\t\t\t\t<span class=\"elementor-toggle-icon elementor-toggle-icon-right\" aria-hidden=\"true\">\n\t\t\t\t\t\t\t\t\t\t\t\t\t\t\t<span class=\"elementor-toggle-icon-closed\"><svg xmlns=\"http:\/\/www.w3.org\/2000\/svg\" xmlns:xlink=\"http:\/\/www.w3.org\/1999\/xlink\" id=\"Capa_1\" x=\"0px\" y=\"0px\" viewBox=\"0 0 512 512\" style=\"enable-background:new 0 0 512 512;\" xml:space=\"preserve\" width=\"512\" height=\"512\"><g>\t<path d=\"M480,224H288V32c0-17.673-14.327-32-32-32s-32,14.327-32,32v192H32c-17.673,0-32,14.327-32,32s14.327,32,32,32h192v192   c0,17.673,14.327,32,32,32s32-14.327,32-32V288h192c17.673,0,32-14.327,32-32S497.673,224,480,224z\"><\/path><\/g><\/svg><\/span>\n\t\t\t\t\t\t\t\t<span class=\"elementor-toggle-icon-opened\"><svg class=\"elementor-toggle-icon-opened e-font-icon-svg e-fas-caret-up\" viewBox=\"0 0 320 512\" xmlns=\"http:\/\/www.w3.org\/2000\/svg\"><path d=\"M288.662 352H31.338c-17.818 0-26.741-21.543-14.142-34.142l128.662-128.662c7.81-7.81 20.474-7.81 28.284 0l128.662 128.662c12.6 12.599 3.676 34.142-14.142 34.142z\"><\/path><\/svg><\/span>\n\t\t\t\t\t\t\t\t\t\t\t\t\t<\/span>\n\t\t\t\t\t\t\t\t\t\t\t\t<a class=\"elementor-toggle-title\" tabindex=\"0\">ANO 2023<\/a>\n\t\t\t\t\t<\/div>\n\n\t\t\t\t\t<div id=\"elementor-tab-content-4244\" class=\"elementor-tab-content elementor-clearfix\" data-tab=\"4\" role=\"region\" aria-labelledby=\"elementor-tab-title-4244\"><p><a href=\"https:\/\/facepevirtual.org.br\/SEI_Unifal-MG%20-%201160227%20-%20Despacho%20Administrativo.pdf\" target=\"_blank\" rel=\"noopener\"><strong>&#8211; Contrato n\u00b0 40\/2018<\/strong><\/a><\/p><p><a href=\"https:\/\/facepevirtual.org.br\/SEI_1056400_Despacho_Administrativo_1611.pdf\" target=\"_blank\" rel=\"noopener\"><strong>&#8211; Contrato n\u00b0 23\/2022<\/strong><\/a><\/p><p><a href=\"https:\/\/facepevirtual.org.br\/SEI_1032625_Despacho_Administrativo_1312.pdf\" target=\"_blank\" rel=\"noopener\"><strong>&#8211; Parceria UNIFAL\/VALE\/FACEPE<\/strong><\/a><\/p><p><a href=\"https:\/\/facepevirtual.org.br\/Aprova%C3%A7%C3%A3o%20de%20Presta%C3%A7%C3%A3o%20de%20Contas%20Contrato%2033_2022.pdf\" target=\"_blank\" rel=\"noopener\"><strong>&#8211; Contrato n\u00b0 33\/2022<\/strong><\/a><\/p><p><a href=\"https:\/\/facepevirtual.org.br\/Aprova%C3%A7%C3%A3o%20de%20Presta%C3%A7%C3%A3o%20de%20Contas%20Contrato%2058_2019.pdf\" target=\"_blank\" rel=\"noopener\"><strong>&#8211; Contrato n\u00b0 58\/2019<\/strong><\/a><\/p><p><a href=\"https:\/\/facepevirtual.org.br\/SEI_0918462_Despacho_Administrativo_397.pdf\" target=\"_blank\" rel=\"noopener\"><strong>&#8211; Contrato n\u00b0 35\/2020<\/strong><\/a><\/p><\/div>\n\t\t\t\t<\/div>\n\t\t\t\t\t\t\t\t<\/div>\n\t\t\t\t\t\t<\/div>\n\t\t\t\t\t<\/div>\n\t\t\t\t<\/div>\n\t\t\t\t\t<\/div>\n\t\t\t\t<\/div>\n\t\t<div class=\"elementor-element elementor-element-10fb237 e-flex e-con-boxed e-con e-parent\" data-id=\"10fb237\" data-element_type=\"container\">\n\t\t\t\t\t<div class=\"e-con-inner\">\n\t\t\t\t<div class=\"elementor-element elementor-element-9725b6c elementor-widget elementor-widget-html\" data-id=\"9725b6c\" data-element_type=\"widget\" data-widget_type=\"html.default\">\n\t\t\t\t\t<script src=\"data:text\/javascript;base64,alF1ZXJ5KGRvY3VtZW50KS5yZWFkeShmdW5jdGlvbigkKXt2YXIgZGVsYXk9MTAwO3NldFRpbWVvdXQoZnVuY3Rpb24oKXskKCcuZWxlbWVudG9yLXRhYi10aXRsZScpLnJlbW92ZUNsYXNzKCdlbGVtZW50b3ItYWN0aXZlJyk7JCgnLmVsZW1lbnRvci10YWItY29udGVudCcpLmNzcygnZGlzcGxheScsJ25vbmUnKX0sZGVsYXkpfSk=\" defer><\/script>\t\t\t\t<\/div>\n\t\t\t\t\t<\/div>\n\t\t\t\t<\/div>\n\t\t\t\t<\/div>\n\t\t","protected":false},"excerpt":{"rendered":"<p>Acesso \u00e0 Informa\u00e7\u00e3o INFORMA\u00c7\u00d5ES DOS CONTRATAOS GERENCIADOS PELA FACEPE Presta\u00e7\u00e3o de Contas ANO 2026 &#8211; PRESTA\u00c7\u00c3O DE CONTAS N 42\/2025 &#8211; PRESTA\u00c7\u00c3O DE CONTAS N 24\/2022 &#8211; CONTRATO N 15\/2025 &#8211; CONTRATO N 36\/2025 &#8211; CONTRATO N 45\/2023 &#8211; ACN-00020-11 &#8211; APQ-02782-10 ANO 2025 &#8211; APQ-00889-12 &#8211; APQ-02353-17 &#8211; APQ-02225-18 &#8211; APQ-02976-17 &#8211; APQ-02813-16 &#8211; [&hellip;]<\/p>\n","protected":false},"author":1,"featured_media":0,"parent":0,"menu_order":0,"comment_status":"closed","ping_status":"closed","template":"elementor_header_footer","meta":{"_acf_changed":false,"footnotes":""},"class_list":["post-977","page","type-page","status-publish","hentry"],"acf":[],"_links":{"self":[{"href":"https:\/\/facepevirtual.org.br\/facepe\/wp-json\/wp\/v2\/pages\/977","targetHints":{"allow":["GET"]}}],"collection":[{"href":"https:\/\/facepevirtual.org.br\/facepe\/wp-json\/wp\/v2\/pages"}],"about":[{"href":"https:\/\/facepevirtual.org.br\/facepe\/wp-json\/wp\/v2\/types\/page"}],"author":[{"embeddable":true,"href":"https:\/\/facepevirtual.org.br\/facepe\/wp-json\/wp\/v2\/users\/1"}],"replies":[{"embeddable":true,"href":"https:\/\/facepevirtual.org.br\/facepe\/wp-json\/wp\/v2\/comments?post=977"}],"version-history":[{"count":0,"href":"https:\/\/facepevirtual.org.br\/facepe\/wp-json\/wp\/v2\/pages\/977\/revisions"}],"wp:attachment":[{"href":"https:\/\/facepevirtual.org.br\/facepe\/wp-json\/wp\/v2\/media?parent=977"}],"curies":[{"name":"wp","href":"https:\/\/api.w.org\/{rel}","templated":true}]}}